{"id":428,"date":"2024-02-21T10:24:11","date_gmt":"2024-02-21T10:24:11","guid":{"rendered":"https:\/\/borghamns-stenforadling.se\/en\/?page_id=428"},"modified":"2026-01-29T13:22:38","modified_gmt":"2026-01-29T13:22:38","slug":"familjeforetaget","status":"publish","type":"page","link":"https:\/\/borghamns-stenforadling.se\/en\/foretaget\/familjeforetaget\/","title":{"rendered":"The family business"},"content":{"rendered":"\n<section class=\"wp-block-borghamns-general-content-section py-5 py-lg-6\"><div class=\"container\"><div class=\"row justify-content-center\">\n<h2 class=\"wp-block-heading has-text-align-center\">Borghamns Stenf\u00f6r\u00e4dling today<\/h2>\n\n\n\n<div class=\"wp-block-borghamns-general-content-column col-12 position-relative col-lg-9\"><div class=\"d-flex flex-column h-100\">\n<p class=\"has-text-align-center\">Borghamns Stenf\u00f6r\u00e4dling was founded in 1951 by father and son Oskar and Ola Ericsson. Today, more than 70 years later, the company is run by third and fourth-generation business leaders.<\/p>\n<\/div><\/div>\n\n\n\n<div class=\"wp-block-borghamns-general-content-column col-12 position-relative col-lg-4\"><div class=\"d-flex flex-column h-100\">\n<h4 class=\"wp-block-heading has-text-align-center\">Mats-Ola Ericsson<\/h4>\n\n\n\n<figure class=\"lazyload wp-block-image size-full\"><img width=\"540\" height=\"600\" loading=\"lazy\" data-src=\"https:\/\/borghamns-stenforadling.se\/en\/wp-content\/uploads\/sites\/4\/2024\/04\/mats.jpg\" alt=\"\" class=\"lazyload wp-image-1055\" srcset=\"https:\/\/borghamns-stenforadling.se\/en\/wp-content\/uploads\/sites\/4\/2024\/04\/mats.jpg 540w, https:\/\/borghamns-stenforadling.se\/en\/wp-content\/uploads\/sites\/4\/2024\/04\/mats-270x300.jpg 270w\" sizes=\"auto, (max-width: 540px) 100vw, 540px\" \/><figcaption class=\"lazyload wp-element-caption\">CEO &amp; Master Stonemason<\/figcaption><\/figure>\n<\/div><\/div>\n\n\n\n<div class=\"wp-block-borghamns-general-content-column col-12 position-relative col-lg-4\"><div class=\"d-flex flex-column h-100\">\n<h4 class=\"wp-block-heading has-text-align-center\">Tim Ericsson<\/h4>\n\n\n\n<figure class=\"lazyload wp-block-image size-full\"><img width=\"540\" height=\"600\" loading=\"lazy\" data-src=\"https:\/\/borghamns-stenforadling.se\/en\/wp-content\/uploads\/sites\/4\/2024\/04\/tim.jpg\" alt=\"\" class=\"lazyload wp-image-1056\" srcset=\"https:\/\/borghamns-stenforadling.se\/en\/wp-content\/uploads\/sites\/4\/2024\/04\/tim.jpg 540w, https:\/\/borghamns-stenforadling.se\/en\/wp-content\/uploads\/sites\/4\/2024\/04\/tim-270x300.jpg 270w\" sizes=\"auto, (max-width: 540px) 100vw, 540px\" \/><figcaption class=\"lazyload wp-element-caption\">Production Manager &amp; Master Stonemason<\/figcaption><\/figure>\n<\/div><\/div>\n\n\n\n<div class=\"wp-block-borghamns-general-content-column col-12 position-relative col-lg-4\"><div class=\"d-flex flex-column h-100\">\n<h4 class=\"wp-block-heading has-text-align-center\">Kajsa Ericsson<\/h4>\n\n\n\n<figure class=\"lazyload wp-block-image size-full\"><img width=\"540\" height=\"600\" loading=\"lazy\" data-src=\"https:\/\/borghamns-stenforadling.se\/en\/wp-content\/uploads\/sites\/4\/2024\/04\/kajsa.jpg\" alt=\"\" class=\"lazyload wp-image-1053\" srcset=\"https:\/\/borghamns-stenforadling.se\/en\/wp-content\/uploads\/sites\/4\/2024\/04\/kajsa.jpg 540w, https:\/\/borghamns-stenforadling.se\/en\/wp-content\/uploads\/sites\/4\/2024\/04\/kajsa-270x300.jpg 270w\" sizes=\"auto, (max-width: 540px) 100vw, 540px\" \/><figcaption class=\"lazyload wp-element-caption\">Operations Manager<\/figcaption><\/figure>\n<\/div><\/div>\n<\/div><\/div><\/section>\n\n\n\n<section class=\"wp-block-borghamns-general-content-section py-3\"><div class=\"container\"><div class=\"row justify-content-center\">\n<h2 class=\"wp-block-heading has-text-align-center\">Borghamns Stenf\u00f6r\u00e4dling &#8211; Through the Years<\/h2>\n\n\n\n<div class=\"wp-block-borghamns-general-content-column col-12 position-relative col-lg-9\"><div class=\"d-flex flex-column h-100\">\n<p class=\"has-text-align-center\">It all began in 1951 when Oskar and his son Ola Ericsson purchased a relative&#8217;s farm on the outskirts of Borghamn. Kalle-Lasse, as he was known, had grown tired of farming and sold the property to his relatives. Shortly after the purchase, the company received its first major order: the reconstruction of \u00c5nestaskolan in Link\u00f6ping.<\/p>\n\n\n\n<p class=\"has-text-align-center\">A few years later, Oskar passed away, leaving Ola Ericsson to manage the company on his own. <strong>Mats-Ola Ericsson<\/strong>, <strong>Ola and Karin Ericsson&#8217;s son<\/strong>, began working at the company at a young age and, like his father, earned a master&#8217;s certificate in stonemasonry.<\/p>\n\n\n\n<p class=\"has-text-align-center\">In 1993, Borghamns Stenf\u00f6r\u00e4dling acquired the Ox\u00e5ker quarry in Kolm\u00e5rden, allowing them to resume quarrying of Kolm\u00e5rden Marble, a long-discontinued material. However, it would take many years for the demand for this classic green marble to pick up.<\/p>\n\n\n\n<p class=\"has-text-align-center\">A generational change occurred in 1997 when <strong>Ola Ericsson <\/strong>handed over the company to his son, who began running it alongside his wife, <strong>Ann Ericsson<\/strong>.<\/p>\n\n\n\n<p class=\"has-text-align-center\">As the company continued to develop, another generation joined the ranks. After spending several years on a different path, <strong>Tim Ericsson<\/strong> returned home to become part of the business. He quickly earned his master&#8217;s certificate in stonemasonry and, with a focus on digitalization, invested in new machines that propelled the company forward.<\/p>\n\n\n\n<p class=\"has-text-align-center\">Several years later, it was time for another generational transition, and Mats-Ola&#8217;s daughter, <strong>Kajsa Ericsson<\/strong>, joined the company after studying Industrial Economics and gaining experience in the business consulting sector.<\/p>\n\n\n\n<p class=\"has-text-align-center\">Today, the company is run by Mats-Ola, Tim, and Kajsa, who share the goal of quarrying and refining Swedish natural stone for both large and small customers.<\/p>\n<\/div><\/div>\n\n\n\n<div class=\"wp-block-borghamns-general-content-column col-12 position-relative\"><div class=\"d-flex flex-column h-100\">\n<p><\/p>\n\n\n\n<figure class=\"lazyload wp-block-image size-full\"><img width=\"500\" height=\"500\" loading=\"lazy\" data-src=\"https:\/\/borghamns-stenforadling.se\/en\/wp-content\/uploads\/sites\/4\/2024\/04\/Gammalt-flygfoto_FIX_500-1.jpg\" alt=\"Flygfoto \u00f6ver Borghamns Stenf\u00f6r\u00e4dling AB\" class=\"lazyload wp-image-970\" srcset=\"https:\/\/borghamns-stenforadling.se\/en\/wp-content\/uploads\/sites\/4\/2024\/04\/Gammalt-flygfoto_FIX_500-1.jpg 500w, https:\/\/borghamns-stenforadling.se\/en\/wp-content\/uploads\/sites\/4\/2024\/04\/Gammalt-flygfoto_FIX_500-1-300x300.jpg 300w, https:\/\/borghamns-stenforadling.se\/en\/wp-content\/uploads\/sites\/4\/2024\/04\/Gammalt-flygfoto_FIX_500-1-150x150.jpg 150w\" sizes=\"auto, (max-width: 500px) 100vw, 500px\" \/><figcaption class=\"lazyload wp-element-caption\">Aerial photo of Borghamns Stenf\u00f6r\u00e4dling AB at its start-up in 1952.<\/figcaption><\/figure>\n<\/div><\/div>\n\n\n\n<section class=\"wp-block-borghamns-general-content-section py-5 py-lg-6\"><div class=\"container\"><div class=\"row \">\n<figure class=\"wp-block-gallery has-nested-images columns-default is-cropped wp-block-gallery-1 is-layout-flex wp-block-gallery-is-layout-flex\">\n<figure class=\"lazyload wp-block-image size-full\"><img width=\"877\" height=\"585\" data-id=\"1311\" loading=\"lazy\" data-src=\"https:\/\/borghamns-stenforadling.se\/en\/wp-content\/uploads\/sites\/4\/2024\/06\/Borghamn01.jpg\" alt=\"\" class=\"lazyload wp-image-1311\" srcset=\"https:\/\/borghamns-stenforadling.se\/en\/wp-content\/uploads\/sites\/4\/2024\/06\/Borghamn01.jpg 877w, https:\/\/borghamns-stenforadling.se\/en\/wp-content\/uploads\/sites\/4\/2024\/06\/Borghamn01-300x200.jpg 300w, https:\/\/borghamns-stenforadling.se\/en\/wp-content\/uploads\/sites\/4\/2024\/06\/Borghamn01-768x512.jpg 768w\" sizes=\"auto, (max-width: 877px) 100vw, 877px\" \/><figcaption class=\"lazyload wp-element-caption\">Ola and Mats-Ola Ericsson<\/figcaption><\/figure>\n\n\n\n<figure class=\"lazyload wp-block-image size-large\"><img width=\"500\" height=\"500\" data-id=\"693\" loading=\"lazy\" data-src=\"https:\/\/borghamns-stenforadling.se\/en\/wp-content\/uploads\/sites\/4\/2024\/04\/Borghamn2Webb_1080-1.jpg\" alt=\"\" class=\"lazyload wp-image-693\" srcset=\"https:\/\/borghamns-stenforadling.se\/en\/wp-content\/uploads\/sites\/4\/2024\/04\/Borghamn2Webb_1080-1.jpg 500w, https:\/\/borghamns-stenforadling.se\/en\/wp-content\/uploads\/sites\/4\/2024\/04\/Borghamn2Webb_1080-1-300x300.jpg 300w, https:\/\/borghamns-stenforadling.se\/en\/wp-content\/uploads\/sites\/4\/2024\/04\/Borghamn2Webb_1080-1-150x150.jpg 150w\" sizes=\"auto, (max-width: 500px) 100vw, 500px\" \/><figcaption class=\"lazyload wp-element-caption\">Mats-Ola &amp; Tim Ericsson<\/figcaption><\/figure>\n\n\n\n<figure class=\"lazyload wp-block-image size-large\"><img width=\"425\" height=\"569\" data-id=\"1310\" loading=\"lazy\" data-src=\"https:\/\/borghamns-stenforadling.se\/en\/wp-content\/uploads\/sites\/4\/2024\/06\/P3190036A.jpg\" alt=\"\" class=\"lazyload wp-image-1310\" srcset=\"https:\/\/borghamns-stenforadling.se\/en\/wp-content\/uploads\/sites\/4\/2024\/06\/P3190036A.jpg 425w, https:\/\/borghamns-stenforadling.se\/en\/wp-content\/uploads\/sites\/4\/2024\/06\/P3190036A-224x300.jpg 224w\" sizes=\"auto, (max-width: 425px) 100vw, 425px\" \/><figcaption class=\"lazyload wp-element-caption\">Ola &amp; Karin Ericsson<\/figcaption><\/figure>\n\n\n\n<figure class=\"lazyload wp-block-image size-large\"><img width=\"1024\" height=\"683\" data-id=\"1317\" loading=\"lazy\" data-src=\"https:\/\/borghamns-stenforadling.se\/en\/wp-content\/uploads\/sites\/4\/2024\/08\/R6II9743-1024x683.jpg\" alt=\"\" class=\"lazyload wp-image-1317\" srcset=\"https:\/\/borghamns-stenforadling.se\/en\/wp-content\/uploads\/sites\/4\/2024\/08\/R6II9743-1024x683.jpg 1024w, https:\/\/borghamns-stenforadling.se\/en\/wp-content\/uploads\/sites\/4\/2024\/08\/R6II9743-300x200.jpg 300w, https:\/\/borghamns-stenforadling.se\/en\/wp-content\/uploads\/sites\/4\/2024\/08\/R6II9743-768x512.jpg 768w, https:\/\/borghamns-stenforadling.se\/en\/wp-content\/uploads\/sites\/4\/2024\/08\/R6II9743-1536x1024.jpg 1536w, https:\/\/borghamns-stenforadling.se\/en\/wp-content\/uploads\/sites\/4\/2024\/08\/R6II9743-2048x1365.jpg 2048w\" sizes=\"auto, (max-width: 1024px) 100vw, 1024px\" \/><figcaption class=\"lazyload wp-element-caption\">Kajsa Ericsson<\/figcaption><\/figure>\n\n\n\n<figure class=\"lazyload wp-block-image size-large\"><img width=\"1024\" height=\"576\" data-id=\"1177\" loading=\"lazy\" data-src=\"https:\/\/borghamns-stenforadling.se\/en\/wp-content\/uploads\/sites\/4\/2024\/04\/CS_Ladugarden1898_7mars_2024-12-1024x576.jpg\" alt=\"\" class=\"lazyload wp-image-1177\" srcset=\"https:\/\/borghamns-stenforadling.se\/en\/wp-content\/uploads\/sites\/4\/2024\/04\/CS_Ladugarden1898_7mars_2024-12-1024x576.jpg 1024w, https:\/\/borghamns-stenforadling.se\/en\/wp-content\/uploads\/sites\/4\/2024\/04\/CS_Ladugarden1898_7mars_2024-12-300x169.jpg 300w, https:\/\/borghamns-stenforadling.se\/en\/wp-content\/uploads\/sites\/4\/2024\/04\/CS_Ladugarden1898_7mars_2024-12-768x432.jpg 768w, https:\/\/borghamns-stenforadling.se\/en\/wp-content\/uploads\/sites\/4\/2024\/04\/CS_Ladugarden1898_7mars_2024-12-1536x864.jpg 1536w, https:\/\/borghamns-stenforadling.se\/en\/wp-content\/uploads\/sites\/4\/2024\/04\/CS_Ladugarden1898_7mars_2024-12-2048x1152.jpg 2048w\" sizes=\"auto, (max-width: 1024px) 100vw, 1024px\" \/><figcaption class=\"lazyload wp-element-caption\">Tim &amp; Kajsa Ericsson<\/figcaption><\/figure>\n\n\n\n<figure class=\"lazyload wp-block-image size-large\"><img width=\"500\" height=\"500\" data-id=\"584\" loading=\"lazy\" data-src=\"https:\/\/borghamns-stenforadling.se\/en\/wp-content\/uploads\/sites\/4\/2024\/04\/Borghamn1Webb_500.jpg\" alt=\"\" class=\"lazyload wp-image-584\" srcset=\"https:\/\/borghamns-stenforadling.se\/en\/wp-content\/uploads\/sites\/4\/2024\/04\/Borghamn1Webb_500.jpg 500w, https:\/\/borghamns-stenforadling.se\/en\/wp-content\/uploads\/sites\/4\/2024\/04\/Borghamn1Webb_500-300x300.jpg 300w, https:\/\/borghamns-stenforadling.se\/en\/wp-content\/uploads\/sites\/4\/2024\/04\/Borghamn1Webb_500-150x150.jpg 150w\" sizes=\"auto, (max-width: 500px) 100vw, 500px\" \/><figcaption class=\"lazyload wp-element-caption\">Mats-Ola &amp; Tim Ericsson<\/figcaption><\/figure>\n\n\n\n<figure class=\"lazyload wp-block-image size-full\"><img width=\"500\" height=\"500\" data-id=\"555\" loading=\"lazy\" data-src=\"https:\/\/borghamns-stenforadling.se\/en\/wp-content\/uploads\/sites\/4\/2024\/04\/1_2I6A5429_1_500.jpg\" alt=\"\" class=\"lazyload wp-image-555\" srcset=\"https:\/\/borghamns-stenforadling.se\/en\/wp-content\/uploads\/sites\/4\/2024\/04\/1_2I6A5429_1_500.jpg 500w, https:\/\/borghamns-stenforadling.se\/en\/wp-content\/uploads\/sites\/4\/2024\/04\/1_2I6A5429_1_500-300x300.jpg 300w, https:\/\/borghamns-stenforadling.se\/en\/wp-content\/uploads\/sites\/4\/2024\/04\/1_2I6A5429_1_500-150x150.jpg 150w\" sizes=\"auto, (max-width: 500px) 100vw, 500px\" \/><figcaption class=\"lazyload wp-element-caption\">Tim Ericsson<\/figcaption><\/figure>\n\n\n\n<figure class=\"lazyload wp-block-image size-large\"><img width=\"683\" height=\"1024\" data-id=\"1316\" loading=\"lazy\" data-src=\"https:\/\/borghamns-stenforadling.se\/en\/wp-content\/uploads\/sites\/4\/2024\/08\/R6II9737-683x1024.jpg\" alt=\"\" class=\"lazyload wp-image-1316\" srcset=\"https:\/\/borghamns-stenforadling.se\/en\/wp-content\/uploads\/sites\/4\/2024\/08\/R6II9737-683x1024.jpg 683w, https:\/\/borghamns-stenforadling.se\/en\/wp-content\/uploads\/sites\/4\/2024\/08\/R6II9737-200x300.jpg 200w, https:\/\/borghamns-stenforadling.se\/en\/wp-content\/uploads\/sites\/4\/2024\/08\/R6II9737-768x1152.jpg 768w, https:\/\/borghamns-stenforadling.se\/en\/wp-content\/uploads\/sites\/4\/2024\/08\/R6II9737-1024x1536.jpg 1024w, https:\/\/borghamns-stenforadling.se\/en\/wp-content\/uploads\/sites\/4\/2024\/08\/R6II9737-1365x2048.jpg 1365w, https:\/\/borghamns-stenforadling.se\/en\/wp-content\/uploads\/sites\/4\/2024\/08\/R6II9737-scaled.jpg 1707w\" sizes=\"auto, (max-width: 683px) 100vw, 683px\" \/><figcaption class=\"lazyload wp-element-caption\">Kajsa Ericsson<\/figcaption><\/figure>\n<\/figure>\n<\/div><\/div><\/section>\n<\/div><\/div><\/section>\n","protected":false},"excerpt":{"rendered":"","protected":false},"author":1,"featured_media":0,"parent":417,"menu_order":0,"comment_status":"closed","ping_status":"closed","template":"","meta":{"_acf_changed":false,"footnotes":""},"class_list":["post-428","page","type-page","status-publish","hentry"],"acf":[],"_links":{"self":[{"href":"https:\/\/borghamns-stenforadling.se\/en\/wp-json\/wp\/v2\/pages\/428","targetHints":{"allow":["GET"]}}],"collection":[{"href":"https:\/\/borghamns-stenforadling.se\/en\/wp-json\/wp\/v2\/pages"}],"about":[{"href":"https:\/\/borghamns-stenforadling.se\/en\/wp-json\/wp\/v2\/types\/page"}],"author":[{"embeddable":true,"href":"https:\/\/borghamns-stenforadling.se\/en\/wp-json\/wp\/v2\/users\/1"}],"replies":[{"embeddable":true,"href":"https:\/\/borghamns-stenforadling.se\/en\/wp-json\/wp\/v2\/comments?post=428"}],"version-history":[{"count":23,"href":"https:\/\/borghamns-stenforadling.se\/en\/wp-json\/wp\/v2\/pages\/428\/revisions"}],"predecessor-version":[{"id":2594,"href":"https:\/\/borghamns-stenforadling.se\/en\/wp-json\/wp\/v2\/pages\/428\/revisions\/2594"}],"up":[{"embeddable":true,"href":"https:\/\/borghamns-stenforadling.se\/en\/wp-json\/wp\/v2\/pages\/417"}],"wp:attachment":[{"href":"https:\/\/borghamns-stenforadling.se\/en\/wp-json\/wp\/v2\/media?parent=428"}],"curies":[{"name":"wp","href":"https:\/\/api.w.org\/{rel}","templated":true}]}}