{"id":422,"date":"2024-02-21T10:21:40","date_gmt":"2024-02-21T10:21:40","guid":{"rendered":"https:\/\/borghamns-stenforadling.se\/en\/?page_id=422"},"modified":"2026-01-16T14:13:02","modified_gmt":"2026-01-16T14:13:02","slug":"fabriken","status":"publish","type":"page","link":"https:\/\/borghamns-stenforadling.se\/en\/foretaget\/fabriken\/","title":{"rendered":"The factory"},"content":{"rendered":"\n<section class=\"wp-block-borghamns-general-content-section py-5\"><div class=\"container\"><div class=\"row justify-content-center\">\n<div class=\"wp-block-borghamns-general-content-column col-12 position-relative col-lg-9\"><div class=\"d-flex flex-column h-100 p-4\">\n<h2 class=\"wp-block-heading has-text-align-center\">The production facility on the eastern shore of Lake V\u00e4ttern<\/h2>\n\n\n\n<p class=\"has-text-align-center\">Our production facility is located next to our limestone quarry in Borghamn. Here, we process all our stone into a variety of products, including slabs, tiles, and intricate stone carvings in both limestone and marble.<\/p>\n\n\n\n<p class=\"has-text-align-center\">The factory is equipped with modern, flexible machinery that enables us to operate efficiently and safely while fulfilling our customers\u2019 requests. Additionally, our production process is 100% fossil-free. We achieve this through geothermal heat, electricity sourced exclusively from renewable energy, and our commitment to using renewable diesel for all internal transportation.<\/p>\n<\/div><\/div>\n\n\n\n<figure class=\"lazyload wp-block-image size-full is-resized\"><img width=\"2560\" height=\"1917\" loading=\"lazy\" data-src=\"https:\/\/borghamns-stenforadling.se\/en\/wp-content\/uploads\/sites\/4\/2024\/11\/0_DJI_20241022144945_0004_D-scaled.jpg\" alt=\"Flygfoto \u00f6ver Borghamns Stenf\u00f6r\u00e4dling AB\" class=\"lazyload wp-image-1818\" style=\"aspect-ratio:16\/9;object-fit:cover;width:1295px;height:auto\" srcset=\"https:\/\/borghamns-stenforadling.se\/en\/wp-content\/uploads\/sites\/4\/2024\/11\/0_DJI_20241022144945_0004_D-scaled.jpg 2560w, https:\/\/borghamns-stenforadling.se\/en\/wp-content\/uploads\/sites\/4\/2024\/11\/0_DJI_20241022144945_0004_D-300x225.jpg 300w, https:\/\/borghamns-stenforadling.se\/en\/wp-content\/uploads\/sites\/4\/2024\/11\/0_DJI_20241022144945_0004_D-1024x767.jpg 1024w, https:\/\/borghamns-stenforadling.se\/en\/wp-content\/uploads\/sites\/4\/2024\/11\/0_DJI_20241022144945_0004_D-768x575.jpg 768w, https:\/\/borghamns-stenforadling.se\/en\/wp-content\/uploads\/sites\/4\/2024\/11\/0_DJI_20241022144945_0004_D-1536x1150.jpg 1536w, https:\/\/borghamns-stenforadling.se\/en\/wp-content\/uploads\/sites\/4\/2024\/11\/0_DJI_20241022144945_0004_D-2048x1534.jpg 2048w\" sizes=\"auto, (max-width: 2560px) 100vw, 2560px\" \/><figcaption class=\"lazyload wp-element-caption\"><em>Aerial photo of Borghamns Stenf\u00f6r\u00e4dling AB<\/em><\/figcaption><\/figure>\n<\/div><\/div><\/section>\n\n\n\n<section class=\"wp-block-borghamns-general-content-section py-5 py-xl-6\"><div class=\"container\"><div class=\"row justify-content-center\">\n<h2 class=\"wp-block-heading has-text-align-center\">Modern machinery<\/h2>\n\n\n\n<div class=\"wp-block-borghamns-general-content-column col-12 position-relative col-lg-9\"><div class=\"d-flex flex-column h-100 p-4\">\n<p class=\"has-text-align-center\">Our production facility in Borghamn is both flexible and customized to meet your needs. Whether you require thin plates in standard sizes or specialized stonemasonry work, Borghamns Stenf\u00f6r\u00e4dling AB is your ideal partner. With several new machines, we have established a modern, efficient production environment, enabling us to manufacture products to our customers&#8217; exact specifications.<\/p>\n\n\n\n<p class=\"has-text-align-center\">Our machinery includes a range of equipment, including Multikling machines, slipline saws, 5-axis CNC machines, planers, and both sand and band saws.<\/p>\n<\/div><\/div>\n\n\n\n<div class=\"wp-block-borghamns-general-content-column col-12 position-relative col-lg-12\"><div class=\"d-flex flex-column h-100\">\n<figure class=\"wp-block-video\"><video height=\"1080\" style=\"aspect-ratio: 1080 \/ 1080;\" width=\"1080\" autoplay controls loop muted src=\"https:\/\/borghamns-stenforadling.se\/en\/wp-content\/uploads\/sites\/4\/2024\/04\/bghm1.mp4\"><\/video><\/figure>\n<\/div><\/div>\n<\/div><\/div><\/section>\n\n\n\n<section class=\"wp-block-borghamns-general-content-section py-5 py-lg-6\"><div class=\"container\"><div class=\"row \">\n<figure class=\"wp-block-gallery has-nested-images columns-default is-cropped wp-block-gallery-1 is-layout-flex wp-block-gallery-is-layout-flex\">\n<figure class=\"lazyload wp-block-image size-large\"><img width=\"1024\" height=\"683\" data-id=\"985\" loading=\"lazy\" data-src=\"https:\/\/borghamns-stenforadling.se\/en\/wp-content\/uploads\/sites\/4\/2024\/04\/1_2I6A6114-1024x683.jpg\" alt=\"\" class=\"lazyload wp-image-985\" srcset=\"https:\/\/borghamns-stenforadling.se\/en\/wp-content\/uploads\/sites\/4\/2024\/04\/1_2I6A6114-1024x683.jpg 1024w, https:\/\/borghamns-stenforadling.se\/en\/wp-content\/uploads\/sites\/4\/2024\/04\/1_2I6A6114-300x200.jpg 300w, https:\/\/borghamns-stenforadling.se\/en\/wp-content\/uploads\/sites\/4\/2024\/04\/1_2I6A6114-768x512.jpg 768w, https:\/\/borghamns-stenforadling.se\/en\/wp-content\/uploads\/sites\/4\/2024\/04\/1_2I6A6114-1536x1024.jpg 1536w, https:\/\/borghamns-stenforadling.se\/en\/wp-content\/uploads\/sites\/4\/2024\/04\/1_2I6A6114-2048x1365.jpg 2048w\" sizes=\"auto, (max-width: 1024px) 100vw, 1024px\" \/><\/figure>\n\n\n\n<figure class=\"lazyload wp-block-image size-large\"><img width=\"1024\" height=\"683\" data-id=\"984\" loading=\"lazy\" data-src=\"https:\/\/borghamns-stenforadling.se\/en\/wp-content\/uploads\/sites\/4\/2024\/04\/1_2I6A5751-1024x683.jpg\" alt=\"\" class=\"lazyload wp-image-984\" srcset=\"https:\/\/borghamns-stenforadling.se\/en\/wp-content\/uploads\/sites\/4\/2024\/04\/1_2I6A5751-1024x683.jpg 1024w, https:\/\/borghamns-stenforadling.se\/en\/wp-content\/uploads\/sites\/4\/2024\/04\/1_2I6A5751-300x200.jpg 300w, https:\/\/borghamns-stenforadling.se\/en\/wp-content\/uploads\/sites\/4\/2024\/04\/1_2I6A5751-768x512.jpg 768w, https:\/\/borghamns-stenforadling.se\/en\/wp-content\/uploads\/sites\/4\/2024\/04\/1_2I6A5751-1536x1024.jpg 1536w, https:\/\/borghamns-stenforadling.se\/en\/wp-content\/uploads\/sites\/4\/2024\/04\/1_2I6A5751-2048x1365.jpg 2048w\" sizes=\"auto, (max-width: 1024px) 100vw, 1024px\" \/><\/figure>\n\n\n\n<figure class=\"lazyload wp-block-image size-large\"><img width=\"1024\" height=\"683\" data-id=\"983\" loading=\"lazy\" data-src=\"https:\/\/borghamns-stenforadling.se\/en\/wp-content\/uploads\/sites\/4\/2024\/04\/1_2I6A5427-1024x683.jpg\" alt=\"\" class=\"lazyload wp-image-983\" srcset=\"https:\/\/borghamns-stenforadling.se\/en\/wp-content\/uploads\/sites\/4\/2024\/04\/1_2I6A5427-1024x683.jpg 1024w, https:\/\/borghamns-stenforadling.se\/en\/wp-content\/uploads\/sites\/4\/2024\/04\/1_2I6A5427-300x200.jpg 300w, https:\/\/borghamns-stenforadling.se\/en\/wp-content\/uploads\/sites\/4\/2024\/04\/1_2I6A5427-768x512.jpg 768w, https:\/\/borghamns-stenforadling.se\/en\/wp-content\/uploads\/sites\/4\/2024\/04\/1_2I6A5427-1536x1024.jpg 1536w, https:\/\/borghamns-stenforadling.se\/en\/wp-content\/uploads\/sites\/4\/2024\/04\/1_2I6A5427-2048x1365.jpg 2048w\" sizes=\"auto, (max-width: 1024px) 100vw, 1024px\" \/><\/figure>\n\n\n\n<figure class=\"lazyload wp-block-image size-large\"><img width=\"500\" height=\"500\" data-id=\"973\" loading=\"lazy\" data-src=\"https:\/\/borghamns-stenforadling.se\/en\/wp-content\/uploads\/sites\/4\/2024\/04\/1_2I6A5723_500-1.jpg\" alt=\"\" class=\"lazyload wp-image-973\" srcset=\"https:\/\/borghamns-stenforadling.se\/en\/wp-content\/uploads\/sites\/4\/2024\/04\/1_2I6A5723_500-1.jpg 500w, https:\/\/borghamns-stenforadling.se\/en\/wp-content\/uploads\/sites\/4\/2024\/04\/1_2I6A5723_500-1-300x300.jpg 300w, https:\/\/borghamns-stenforadling.se\/en\/wp-content\/uploads\/sites\/4\/2024\/04\/1_2I6A5723_500-1-150x150.jpg 150w\" sizes=\"auto, (max-width: 500px) 100vw, 500px\" \/><\/figure>\n\n\n\n<figure class=\"lazyload wp-block-image size-large\"><img width=\"500\" height=\"500\" data-id=\"972\" loading=\"lazy\" data-src=\"https:\/\/borghamns-stenforadling.se\/en\/wp-content\/uploads\/sites\/4\/2024\/04\/1_2I6A6114_500-2.jpg\" alt=\"\" class=\"lazyload wp-image-972\" srcset=\"https:\/\/borghamns-stenforadling.se\/en\/wp-content\/uploads\/sites\/4\/2024\/04\/1_2I6A6114_500-2.jpg 500w, https:\/\/borghamns-stenforadling.se\/en\/wp-content\/uploads\/sites\/4\/2024\/04\/1_2I6A6114_500-2-300x300.jpg 300w, https:\/\/borghamns-stenforadling.se\/en\/wp-content\/uploads\/sites\/4\/2024\/04\/1_2I6A6114_500-2-150x150.jpg 150w\" sizes=\"auto, (max-width: 500px) 100vw, 500px\" \/><\/figure>\n<\/figure>\n<\/div><\/div><\/section>\n\n\n\n<section class=\"wp-block-borghamns-general-content-section py-5 py-lg-6\"><div class=\"container\"><div class=\"row \">\n<div class=\"wp-block-cover is-light\" style=\"padding-top:0;padding-bottom:0\"><video class=\"wp-block-cover__video-background intrinsic-ignore\" autoplay muted loop playsinline src=\"https:\/\/borghamns-stenforadling.se\/en\/wp-content\/uploads\/sites\/4\/2024\/05\/cnc_slipline_hantverk.mp4\" data-object-fit=\"cover\"><\/video><span aria-hidden=\"true\" class=\"wp-block-cover__background has-background-dim-20 has-background-dim\" style=\"background-color:#FFF\"><\/span><div class=\"wp-block-cover__inner-container is-layout-flow wp-block-cover-is-layout-flow\">\n<p><\/p>\n<\/div><\/div>\n<\/div><\/div><\/section>\n","protected":false},"excerpt":{"rendered":"","protected":false},"author":1,"featured_media":0,"parent":417,"menu_order":0,"comment_status":"closed","ping_status":"closed","template":"","meta":{"_acf_changed":false,"footnotes":""},"class_list":["post-422","page","type-page","status-publish","hentry"],"acf":[],"_links":{"self":[{"href":"https:\/\/borghamns-stenforadling.se\/en\/wp-json\/wp\/v2\/pages\/422","targetHints":{"allow":["GET"]}}],"collection":[{"href":"https:\/\/borghamns-stenforadling.se\/en\/wp-json\/wp\/v2\/pages"}],"about":[{"href":"https:\/\/borghamns-stenforadling.se\/en\/wp-json\/wp\/v2\/types\/page"}],"author":[{"embeddable":true,"href":"https:\/\/borghamns-stenforadling.se\/en\/wp-json\/wp\/v2\/users\/1"}],"replies":[{"embeddable":true,"href":"https:\/\/borghamns-stenforadling.se\/en\/wp-json\/wp\/v2\/comments?post=422"}],"version-history":[{"count":37,"href":"https:\/\/borghamns-stenforadling.se\/en\/wp-json\/wp\/v2\/pages\/422\/revisions"}],"predecessor-version":[{"id":2544,"href":"https:\/\/borghamns-stenforadling.se\/en\/wp-json\/wp\/v2\/pages\/422\/revisions\/2544"}],"up":[{"embeddable":true,"href":"https:\/\/borghamns-stenforadling.se\/en\/wp-json\/wp\/v2\/pages\/417"}],"wp:attachment":[{"href":"https:\/\/borghamns-stenforadling.se\/en\/wp-json\/wp\/v2\/media?parent=422"}],"curies":[{"name":"wp","href":"https:\/\/api.w.org\/{rel}","templated":true}]}}