{"id":29,"date":"2024-02-01T23:13:01","date_gmt":"2024-02-01T23:13:01","guid":{"rendered":"https:\/\/borghamns-stenforadling.se\/en\/?page_id=29"},"modified":"2026-02-12T06:42:39","modified_gmt":"2026-02-12T06:42:39","slug":"kolmardsmarmor","status":"publish","type":"page","link":"https:\/\/borghamns-stenforadling.se\/en\/stensorter\/kolmardsmarmor\/","title":{"rendered":"Kolm\u00e5rden Marble"},"content":{"rendered":"\n<section class=\"wp-block-borghamns-general-content-section py-5 py-lg-6 py-xl-6\"><div class=\"container\"><div class=\"row justify-content-center\">\n<h2 class=\"wp-block-heading has-text-align-center\">Kolm\u00e5rden Marble<\/h2>\n\n\n\n<div class=\"wp-block-borghamns-general-content-column col-12 position-relative col-lg-9\"><div class=\"d-flex flex-column h-100\">\n<p class=\"has-text-align-center\">Kolm\u00e5rden Marble was formed approximately two billion years ago and is recognized as one of the hardest marbles in the world. It has been quarried since the late 17th century.<\/p>\n\n\n\n<p class=\"has-text-align-center\">This unique marble is prized for its green shades, decorative veining, and exceptional durability, making it both an attractive and environmentally friendly natural material. For these reasons, it holds the status of one of the world&#8217;s most exclusive marbles.<\/p>\n\n\n\n<p class=\"has-text-align-center\">At our quarry in Ox\u00e5ker, we extract two types of Kolm\u00e5rd marble: Kolm\u00e5rden OXL and Kolm\u00e5rden OX. The difference in their veining is determined by the direction in which the stone is sawn.<\/p>\n\n\n\n<p class=\"has-text-align-center\">Kolm\u00e5rden Marble has been used in renowned buildings, including Stockholm City Hall, the Paris Opera, and Rockefeller Center in New York. Since 2018, it has also been classified as a geological World Heritage Site (Global Heritage Stone).<\/p>\n<\/div><\/div>\n\n\n\n<div class=\"wp-block-borghamns-general-button d-flex justify-content-end flex-grow-1\"><a class=\"btn mt-auto rounded-0 btn-dark-text\" href=\"https:\/\/borghamns-stenforadling.se\/en\/stensorter\/bestall-prover\/\"><div class=\"d-flex\"><span class=\"pe-2\">Order samples<\/span><div class=\"d-flex align-items-center\"><span class=\"line-right bg-white d-inline-block btn-line\"><\/span><span class=\"icon-ion-ios-arrow-right\"><\/span><\/div><\/div><\/a><\/div>\n<\/div><\/div><\/section>\n\n\n\n<section class=\"wp-block-borghamns-general-content-section py-3\"><div class=\"container\"><div class=\"row \">\n<div class=\"wp-block-borghamns-general-content-column col-12 position-relative col-lg-6\"><div class=\"d-flex flex-column h-100\">\n<h3 class=\"wp-block-heading has-text-align-center\">Kolm\u00e5rden Marble OXL<\/h3>\n\n\n\n<figure class=\"lazyload wp-block-image size-large\"><img width=\"1024\" height=\"1024\" loading=\"lazy\" data-src=\"https:\/\/borghamns-stenforadling.se\/en\/wp-content\/uploads\/sites\/4\/2024\/04\/Kolmardsmarmor_oxl_borstad-1024x1024.png\" alt=\"\" class=\"lazyload wp-image-788\" srcset=\"https:\/\/borghamns-stenforadling.se\/en\/wp-content\/uploads\/sites\/4\/2024\/04\/Kolmardsmarmor_oxl_borstad-1024x1024.png 1024w, https:\/\/borghamns-stenforadling.se\/en\/wp-content\/uploads\/sites\/4\/2024\/04\/Kolmardsmarmor_oxl_borstad-300x300.png 300w, https:\/\/borghamns-stenforadling.se\/en\/wp-content\/uploads\/sites\/4\/2024\/04\/Kolmardsmarmor_oxl_borstad-150x150.png 150w, https:\/\/borghamns-stenforadling.se\/en\/wp-content\/uploads\/sites\/4\/2024\/04\/Kolmardsmarmor_oxl_borstad-768x768.png 768w, https:\/\/borghamns-stenforadling.se\/en\/wp-content\/uploads\/sites\/4\/2024\/04\/Kolmardsmarmor_oxl_borstad-1536x1536.png 1536w, https:\/\/borghamns-stenforadling.se\/en\/wp-content\/uploads\/sites\/4\/2024\/04\/Kolmardsmarmor_oxl_borstad-2048x2048.png 2048w\" sizes=\"auto, (max-width: 1024px) 100vw, 1024px\" \/><\/figure>\n<\/div><\/div>\n\n\n\n<div class=\"wp-block-borghamns-general-content-column col-12 position-relative col-lg-6\"><div class=\"d-flex flex-column h-100\">\n<h3 class=\"wp-block-heading has-text-align-center\">Kolm\u00e5rden Marble OX<\/h3>\n\n\n\n<figure class=\"lazyload wp-block-image size-large\"><img width=\"1024\" height=\"1024\" loading=\"lazy\" data-src=\"https:\/\/borghamns-stenforadling.se\/en\/wp-content\/uploads\/sites\/4\/2024\/04\/Kolmardsmarmor_ox_normalslipad-1-1024x1024.png\" alt=\"\" class=\"lazyload wp-image-787\" srcset=\"https:\/\/borghamns-stenforadling.se\/en\/wp-content\/uploads\/sites\/4\/2024\/04\/Kolmardsmarmor_ox_normalslipad-1-1024x1024.png 1024w, https:\/\/borghamns-stenforadling.se\/en\/wp-content\/uploads\/sites\/4\/2024\/04\/Kolmardsmarmor_ox_normalslipad-1-300x300.png 300w, https:\/\/borghamns-stenforadling.se\/en\/wp-content\/uploads\/sites\/4\/2024\/04\/Kolmardsmarmor_ox_normalslipad-1-150x150.png 150w, https:\/\/borghamns-stenforadling.se\/en\/wp-content\/uploads\/sites\/4\/2024\/04\/Kolmardsmarmor_ox_normalslipad-1-768x768.png 768w, https:\/\/borghamns-stenforadling.se\/en\/wp-content\/uploads\/sites\/4\/2024\/04\/Kolmardsmarmor_ox_normalslipad-1-1536x1536.png 1536w, https:\/\/borghamns-stenforadling.se\/en\/wp-content\/uploads\/sites\/4\/2024\/04\/Kolmardsmarmor_ox_normalslipad-1-2048x2048.png 2048w\" sizes=\"auto, (max-width: 1024px) 100vw, 1024px\" \/><\/figure>\n<\/div><\/div>\n\n\n\n<section class=\"wp-block-borghamns-general-content-section py-4\"><div class=\"container\"><div class=\"row \">\n<h3 class=\"wp-block-heading has-text-align-center\">Technical characteristics<\/h3>\n\n\n\n<figure class=\"wp-block-table is-style-regular has-sm-font-size\" style=\"padding-top:var(--wp--preset--spacing--30);padding-right:var(--wp--preset--spacing--80);padding-bottom:var(--wp--preset--spacing--30);padding-left:var(--wp--preset--spacing--80)\"><table><thead><tr><th>Features<\/th><th>Type of value<\/th><th class=\"has-text-align-center\" data-align=\"center\">Declared value &#8211; Kolm\u00e5rden Marble<\/th><th>Unit<\/th><th>Standard<\/th><\/tr><\/thead><tbody><tr><td>Density<\/td><td>Average<\/td><td class=\"has-text-align-center\" data-align=\"center\">2750<\/td><td>kg\/m3<\/td><td>EN 1936<\/td><\/tr><tr><td>Porosity<\/td><td>Average<\/td><td class=\"has-text-align-center\" data-align=\"center\">0,1<\/td><td>%<\/td><td>EN 1936<\/td><\/tr><tr><td>Frost resistance<\/td><td>Ultrasound speed, change<\/td><td class=\"has-text-align-center\" data-align=\"center\">-0.004<\/td><td>%<\/td><td>EN 12371<\/td><\/tr><tr><td><\/td><td>Weight change<\/td><td class=\"has-text-align-center\" data-align=\"center\">-0.01<\/td><td>%<\/td><td>EN 12371<\/td><\/tr><tr><td><\/td><td>Flexural strength, change<\/td><td class=\"has-text-align-center\" data-align=\"center\">3.3<\/td><td>%<\/td><td>EN 12371<\/td><\/tr><tr><td>Bending strength (3-point load)<\/td><td>Lowest expected value<\/td><td class=\"has-text-align-center\" data-align=\"center\">9,8<\/td><td>MPa<\/td><td>EN 12372<\/td><\/tr><tr><td><\/td><td>Average<\/td><td class=\"has-text-align-center\" data-align=\"center\">16,7<\/td><td>MPa<\/td><td>EN 12372<\/td><\/tr><tr><td><\/td><td>Standard deviation<\/td><td class=\"has-text-align-center\" data-align=\"center\">3,6<\/td><td>MPa<\/td><td>EN 12372<\/td><\/tr><tr><td>Breaking load stud hole\/split<\/td><td>Violation load<\/td><td class=\"has-text-align-center\" data-align=\"center\">2730<\/td><td>N<\/td><td>EN 13364<\/td><\/tr><tr><td><\/td><td>Edge distance (d1)<\/td><td class=\"has-text-align-center\" data-align=\"center\">22.5<\/td><td>mm<\/td><td>EN 13364<\/td><\/tr><tr><td><\/td><td>Breaking width (dA)<\/td><td class=\"has-text-align-center\" data-align=\"center\">50.1<\/td><td>mm<\/td><td>EN 13364<\/td><\/tr><tr><td>Water absorption<\/td><td><\/td><td class=\"has-text-align-center\" data-align=\"center\">0.04<\/td><td>%<\/td><td>EN 13755<\/td><\/tr><tr><td>Impact strength<\/td><td><\/td><td class=\"has-text-align-center\" data-align=\"center\">5<\/td><td>J<\/td><td>EN 14158<\/td><\/tr><tr><td>Slip resistance, sanded surface (dry)<\/td><td>Sanded (dry)<\/td><td class=\"has-text-align-center\" data-align=\"center\">50<\/td><td>SRV<\/td><td>EN 14231<\/td><\/tr><tr><td><\/td><td>Sanded (wet)<\/td><td class=\"has-text-align-center\" data-align=\"center\">19<\/td><td>SRV<\/td><td>EN 14231<\/td><\/tr><\/tbody><\/table><\/figure>\n<\/div><\/div><\/section>\n<\/div><\/div><\/section>\n","protected":false},"excerpt":{"rendered":"","protected":false},"author":1,"featured_media":0,"parent":14,"menu_order":0,"comment_status":"closed","ping_status":"closed","template":"","meta":{"_acf_changed":false,"footnotes":""},"class_list":["post-29","page","type-page","status-publish","hentry"],"acf":[],"_links":{"self":[{"href":"https:\/\/borghamns-stenforadling.se\/en\/wp-json\/wp\/v2\/pages\/29","targetHints":{"allow":["GET"]}}],"collection":[{"href":"https:\/\/borghamns-stenforadling.se\/en\/wp-json\/wp\/v2\/pages"}],"about":[{"href":"https:\/\/borghamns-stenforadling.se\/en\/wp-json\/wp\/v2\/types\/page"}],"author":[{"embeddable":true,"href":"https:\/\/borghamns-stenforadling.se\/en\/wp-json\/wp\/v2\/users\/1"}],"replies":[{"embeddable":true,"href":"https:\/\/borghamns-stenforadling.se\/en\/wp-json\/wp\/v2\/comments?post=29"}],"version-history":[{"count":19,"href":"https:\/\/borghamns-stenforadling.se\/en\/wp-json\/wp\/v2\/pages\/29\/revisions"}],"predecessor-version":[{"id":2597,"href":"https:\/\/borghamns-stenforadling.se\/en\/wp-json\/wp\/v2\/pages\/29\/revisions\/2597"}],"up":[{"embeddable":true,"href":"https:\/\/borghamns-stenforadling.se\/en\/wp-json\/wp\/v2\/pages\/14"}],"wp:attachment":[{"href":"https:\/\/borghamns-stenforadling.se\/en\/wp-json\/wp\/v2\/media?parent=29"}],"curies":[{"name":"wp","href":"https:\/\/api.w.org\/{rel}","templated":true}]}}